{"id":930,"date":"2022-03-17T15:24:54","date_gmt":"2022-03-17T14:24:54","guid":{"rendered":"https:\/\/co.arminzadakbar.com\/la-nostra-storia\/"},"modified":"2026-04-20T11:58:35","modified_gmt":"2026-04-20T09:58:35","slug":"quienes-somos","status":"publish","type":"page","link":"https:\/\/co.arminzadakbar.com\/es\/quienes-somos\/","title":{"rendered":"Qui\u00e9nes somos"},"content":{"rendered":"","protected":false},"excerpt":{"rendered":"","protected":false},"author":1,"featured_media":0,"parent":0,"menu_order":1,"comment_status":"closed","ping_status":"closed","template":"template-about.php","meta":{"_acf_changed":false,"footnotes":""},"class_list":["post-930","page","type-page","status-publish","hentry"],"acf":[],"yoast_head":"<!-- This site is optimized with the Yoast SEO plugin v26.1.1 - https:\/\/yoast.com\/wordpress\/plugins\/seo\/ -->\n<title>Certified Origins - Misi\u00f3n, Producci\u00f3n y Productos<\/title>\n<meta name=\"description\" content=\"Seleccionamos cuidadosamente productores \u00fanicos para llevar su excelencia gastron\u00f3mica a los estantes de los supermercados de todo el mundo.\" \/>\n<meta name=\"robots\" content=\"noindex, follow, max-snippet:-1, max-image-preview:large, max-video-preview:-1\" \/>\n<meta property=\"og:locale\" content=\"es_ES\" \/>\n<meta property=\"og:type\" content=\"article\" \/>\n<meta property=\"og:title\" content=\"Certified Origins - Qui\u00e9nes somos\" \/>\n<meta property=\"og:description\" content=\"De productores seleccionados a las estanter\u00edas de los supermercados de todo el mundo.\" \/>\n<meta property=\"og:url\" content=\"https:\/\/co.arminzadakbar.com\/es\/quienes-somos\/\" \/>\n<meta property=\"og:site_name\" content=\"Certified Origins\" \/>\n<meta property=\"article:modified_time\" content=\"2026-04-20T09:58:35+00:00\" \/>\n<meta property=\"og:image\" content=\"https:\/\/co.arminzadakbar.com\/wp-content\/uploads\/about-2.png\" \/>\n\t<meta property=\"og:image:width\" content=\"1344\" \/>\n\t<meta property=\"og:image:height\" content=\"700\" \/>\n\t<meta property=\"og:image:type\" content=\"image\/png\" \/>\n<meta name=\"twitter:card\" content=\"summary_large_image\" \/>\n<meta name=\"twitter:title\" content=\"Certified Origins - Qui\u00e9nes somos\" \/>\n<meta name=\"twitter:description\" content=\"De productores seleccionados a las estanter\u00edas de los supermercados de todo el mundo.\" \/>\n<meta name=\"twitter:label1\" content=\"Tiempo de lectura\" \/>\n\t<meta name=\"twitter:data1\" content=\"6 minutos\" \/>\n<script type=\"application\/ld+json\" class=\"yoast-schema-graph\">{\"@context\":\"https:\/\/schema.org\",\"@graph\":[{\"@type\":\"WebPage\",\"@id\":\"https:\/\/co.arminzadakbar.com\/es\/quienes-somos\/\",\"url\":\"https:\/\/co.arminzadakbar.com\/es\/quienes-somos\/\",\"name\":\"Certified Origins - Misi\u00f3n, Producci\u00f3n y Productos\",\"isPartOf\":{\"@id\":\"https:\/\/co.arminzadakbar.com\/es\/#website\"},\"datePublished\":\"2022-03-17T14:24:54+00:00\",\"dateModified\":\"2026-04-20T09:58:35+00:00\",\"description\":\"Seleccionamos cuidadosamente productores \u00fanicos para llevar su excelencia gastron\u00f3mica a los estantes de los supermercados de todo el mundo.\",\"inLanguage\":\"es\",\"potentialAction\":[{\"@type\":\"ReadAction\",\"target\":[\"https:\/\/co.arminzadakbar.com\/es\/quienes-somos\/\"]}]},{\"@type\":\"WebSite\",\"@id\":\"https:\/\/co.arminzadakbar.com\/es\/#website\",\"url\":\"https:\/\/co.arminzadakbar.com\/es\/\",\"name\":\"Certified Origins\",\"description\":\"Olio extra vergine d&#039;oliva\",\"publisher\":{\"@id\":\"https:\/\/co.arminzadakbar.com\/es\/#organization\"},\"potentialAction\":[{\"@type\":\"SearchAction\",\"target\":{\"@type\":\"EntryPoint\",\"urlTemplate\":\"https:\/\/co.arminzadakbar.com\/es\/?s={search_term_string}\"},\"query-input\":{\"@type\":\"PropertyValueSpecification\",\"valueRequired\":true,\"valueName\":\"search_term_string\"}}],\"inLanguage\":\"es\"},{\"@type\":\"Organization\",\"@id\":\"https:\/\/co.arminzadakbar.com\/es\/#organization\",\"name\":\"Certified Origins\",\"url\":\"https:\/\/co.arminzadakbar.com\/es\/\",\"logo\":{\"@type\":\"ImageObject\",\"inLanguage\":\"es\",\"@id\":\"https:\/\/co.arminzadakbar.com\/es\/#\/schema\/logo\/image\/\",\"url\":\"https:\/\/co.arminzadakbar.com\/wp-content\/uploads\/logo-1.svg\",\"contentUrl\":\"https:\/\/co.arminzadakbar.com\/wp-content\/uploads\/logo-1.svg\",\"caption\":\"Certified Origins\"},\"image\":{\"@id\":\"https:\/\/co.arminzadakbar.com\/es\/#\/schema\/logo\/image\/\"}}]}<\/script>\n<!-- \/ Yoast SEO plugin. -->","yoast_head_json":{"title":"Certified Origins - Misi\u00f3n, Producci\u00f3n y Productos","description":"Seleccionamos cuidadosamente productores \u00fanicos para llevar su excelencia gastron\u00f3mica a los estantes de los supermercados de todo el mundo.","robots":{"index":"noindex","follow":"follow","max-snippet":"max-snippet:-1","max-image-preview":"max-image-preview:large","max-video-preview":"max-video-preview:-1"},"og_locale":"es_ES","og_type":"article","og_title":"Certified Origins - Qui\u00e9nes somos","og_description":"De productores seleccionados a las estanter\u00edas de los supermercados de todo el mundo.","og_url":"https:\/\/co.arminzadakbar.com\/es\/quienes-somos\/","og_site_name":"Certified Origins","article_modified_time":"2026-04-20T09:58:35+00:00","og_image":[{"width":1344,"height":700,"url":"https:\/\/co.arminzadakbar.com\/wp-content\/uploads\/about-2.png","type":"image\/png"}],"twitter_card":"summary_large_image","twitter_title":"Certified Origins - Qui\u00e9nes somos","twitter_description":"De productores seleccionados a las estanter\u00edas de los supermercados de todo el mundo.","twitter_misc":{"Tiempo de lectura":"6 minutos"},"schema":{"@context":"https:\/\/schema.org","@graph":[{"@type":"WebPage","@id":"https:\/\/co.arminzadakbar.com\/es\/quienes-somos\/","url":"https:\/\/co.arminzadakbar.com\/es\/quienes-somos\/","name":"Certified Origins - Misi\u00f3n, Producci\u00f3n y Productos","isPartOf":{"@id":"https:\/\/co.arminzadakbar.com\/es\/#website"},"datePublished":"2022-03-17T14:24:54+00:00","dateModified":"2026-04-20T09:58:35+00:00","description":"Seleccionamos cuidadosamente productores \u00fanicos para llevar su excelencia gastron\u00f3mica a los estantes de los supermercados de todo el mundo.","inLanguage":"es","potentialAction":[{"@type":"ReadAction","target":["https:\/\/co.arminzadakbar.com\/es\/quienes-somos\/"]}]},{"@type":"WebSite","@id":"https:\/\/co.arminzadakbar.com\/es\/#website","url":"https:\/\/co.arminzadakbar.com\/es\/","name":"Certified Origins","description":"Olio extra vergine d&#039;oliva","publisher":{"@id":"https:\/\/co.arminzadakbar.com\/es\/#organization"},"potentialAction":[{"@type":"SearchAction","target":{"@type":"EntryPoint","urlTemplate":"https:\/\/co.arminzadakbar.com\/es\/?s={search_term_string}"},"query-input":{"@type":"PropertyValueSpecification","valueRequired":true,"valueName":"search_term_string"}}],"inLanguage":"es"},{"@type":"Organization","@id":"https:\/\/co.arminzadakbar.com\/es\/#organization","name":"Certified Origins","url":"https:\/\/co.arminzadakbar.com\/es\/","logo":{"@type":"ImageObject","inLanguage":"es","@id":"https:\/\/co.arminzadakbar.com\/es\/#\/schema\/logo\/image\/","url":"https:\/\/co.arminzadakbar.com\/wp-content\/uploads\/logo-1.svg","contentUrl":"https:\/\/co.arminzadakbar.com\/wp-content\/uploads\/logo-1.svg","caption":"Certified Origins"},"image":{"@id":"https:\/\/co.arminzadakbar.com\/es\/#\/schema\/logo\/image\/"}}]}},"_links":{"self":[{"href":"https:\/\/co.arminzadakbar.com\/es\/wp-json\/wp\/v2\/pages\/930","targetHints":{"allow":["GET"]}}],"collection":[{"href":"https:\/\/co.arminzadakbar.com\/es\/wp-json\/wp\/v2\/pages"}],"about":[{"href":"https:\/\/co.arminzadakbar.com\/es\/wp-json\/wp\/v2\/types\/page"}],"author":[{"embeddable":true,"href":"https:\/\/co.arminzadakbar.com\/es\/wp-json\/wp\/v2\/users\/1"}],"replies":[{"embeddable":true,"href":"https:\/\/co.arminzadakbar.com\/es\/wp-json\/wp\/v2\/comments?post=930"}],"version-history":[{"count":11,"href":"https:\/\/co.arminzadakbar.com\/es\/wp-json\/wp\/v2\/pages\/930\/revisions"}],"predecessor-version":[{"id":14053,"href":"https:\/\/co.arminzadakbar.com\/es\/wp-json\/wp\/v2\/pages\/930\/revisions\/14053"}],"wp:attachment":[{"href":"https:\/\/co.arminzadakbar.com\/es\/wp-json\/wp\/v2\/media?parent=930"}],"curies":[{"name":"wp","href":"https:\/\/api.w.org\/{rel}","templated":true}]}}