{"id":8986,"date":"2022-07-29T14:25:35","date_gmt":"2022-07-29T12:25:35","guid":{"rendered":"https:\/\/co.arminzadakbar.com\/sauces\/"},"modified":"2026-04-16T16:50:52","modified_gmt":"2026-04-16T14:50:52","slug":"tomatenprodukte","status":"publish","type":"page","link":"https:\/\/co.arminzadakbar.com\/de\/produkte\/tomatenprodukte\/","title":{"rendered":"Saucen"},"content":{"rendered":"","protected":false},"excerpt":{"rendered":"","protected":false},"author":1,"featured_media":0,"parent":9077,"menu_order":6,"comment_status":"closed","ping_status":"closed","template":"template-products-tomato.php","meta":{"_acf_changed":false,"footnotes":""},"class_list":["post-8986","page","type-page","status-publish","hentry"],"acf":[],"yoast_head":"<!-- This site is optimized with the Yoast SEO plugin v26.1.1 - https:\/\/yoast.com\/wordpress\/plugins\/seo\/ -->\n<title>Certified Origins - Tomatenprodukte<\/title>\n<meta name=\"description\" content=\"Wir liefern weltweit, ganz nach Ihren individuellen W\u00fcnschen, vollst\u00e4ndig r\u00fcckverfolgbare und qualit\u00e4tsgesicherte Produkte in gro\u00dfem Umfang, um Ihre Marktanforderungen zu erf\u00fcllen.\" \/>\n<meta name=\"robots\" content=\"noindex, follow, max-snippet:-1, max-image-preview:large, max-video-preview:-1\" \/>\n<meta property=\"og:locale\" content=\"de_DE\" \/>\n<meta property=\"og:type\" content=\"article\" \/>\n<meta property=\"og:title\" content=\"Certified Origins - Tomatenprodukte\" \/>\n<meta property=\"og:description\" content=\"Wir liefern weltweit, ganz nach Ihren individuellen W\u00fcnschen, vollst\u00e4ndig r\u00fcckverfolgbare und qualit\u00e4tsgesicherte Produkte in gro\u00dfem Umfang, um Ihre Marktanforderungen zu erf\u00fcllen.\" \/>\n<meta property=\"og:url\" content=\"https:\/\/co.arminzadakbar.com\/de\/produkte\/tomatenprodukte\/\" \/>\n<meta property=\"og:site_name\" content=\"Certified Origins\" \/>\n<meta property=\"article:modified_time\" content=\"2026-04-16T14:50:52+00:00\" \/>\n<meta property=\"og:image\" content=\"https:\/\/co.arminzadakbar.com\/wp-content\/uploads\/Certified-Origins-Von-nativem-Olivenoel-extra-in-grossen-Mengen-bis-hin-zu-Tomatensauce.png\" \/>\n\t<meta property=\"og:image:width\" content=\"1344\" \/>\n\t<meta property=\"og:image:height\" content=\"700\" \/>\n\t<meta property=\"og:image:type\" content=\"image\/png\" \/>\n<meta name=\"twitter:card\" content=\"summary_large_image\" \/>\n<meta name=\"twitter:title\" content=\"Certified Origins - Tomatenprodukte\" \/>\n<meta name=\"twitter:description\" content=\"Wir liefern weltweit, ganz nach Ihren individuellen W\u00fcnschen, vollst\u00e4ndig r\u00fcckverfolgbare und qualit\u00e4tsgesicherte Produkte in gro\u00dfem Umfang, um Ihre Marktanforderungen zu erf\u00fcllen.\" \/>\n<meta name=\"twitter:image\" content=\"https:\/\/co.arminzadakbar.com\/wp-content\/uploads\/Certified-Origins-Von-nativem-Olivenoel-extra-in-grossen-Mengen-bis-hin-zu-Tomatensauce.png\" \/>\n<meta name=\"twitter:label1\" content=\"Gesch\u00e4tzte Lesezeit\" \/>\n\t<meta name=\"twitter:data1\" content=\"3\u00a0Minuten\" \/>\n<script type=\"application\/ld+json\" class=\"yoast-schema-graph\">{\"@context\":\"https:\/\/schema.org\",\"@graph\":[{\"@type\":\"WebPage\",\"@id\":\"https:\/\/co.arminzadakbar.com\/de\/produkte\/tomatenprodukte\/\",\"url\":\"https:\/\/co.arminzadakbar.com\/de\/produkte\/tomatenprodukte\/\",\"name\":\"Certified Origins - Tomatenprodukte\",\"isPartOf\":{\"@id\":\"https:\/\/co.arminzadakbar.com\/de\/#website\"},\"datePublished\":\"2022-07-29T12:25:35+00:00\",\"dateModified\":\"2026-04-16T14:50:52+00:00\",\"description\":\"Wir liefern weltweit, ganz nach Ihren individuellen W\u00fcnschen, vollst\u00e4ndig r\u00fcckverfolgbare und qualit\u00e4tsgesicherte Produkte in gro\u00dfem Umfang, um Ihre Marktanforderungen zu erf\u00fcllen.\",\"breadcrumb\":{\"@id\":\"https:\/\/co.arminzadakbar.com\/de\/produkte\/tomatenprodukte\/#breadcrumb\"},\"inLanguage\":\"de\",\"potentialAction\":[{\"@type\":\"ReadAction\",\"target\":[\"https:\/\/co.arminzadakbar.com\/de\/produkte\/tomatenprodukte\/\"]}]},{\"@type\":\"BreadcrumbList\",\"@id\":\"https:\/\/co.arminzadakbar.com\/de\/produkte\/tomatenprodukte\/#breadcrumb\",\"itemListElement\":[{\"@type\":\"ListItem\",\"position\":1,\"name\":\"Produkte\",\"item\":\"https:\/\/co.arminzadakbar.com\/de\/produkte\/\"},{\"@type\":\"ListItem\",\"position\":2,\"name\":\"Saucen\"}]},{\"@type\":\"WebSite\",\"@id\":\"https:\/\/co.arminzadakbar.com\/de\/#website\",\"url\":\"https:\/\/co.arminzadakbar.com\/de\/\",\"name\":\"Certified Origins\",\"description\":\"Olio extra vergine d&#039;oliva\",\"publisher\":{\"@id\":\"https:\/\/co.arminzadakbar.com\/de\/#organization\"},\"potentialAction\":[{\"@type\":\"SearchAction\",\"target\":{\"@type\":\"EntryPoint\",\"urlTemplate\":\"https:\/\/co.arminzadakbar.com\/de\/?s={search_term_string}\"},\"query-input\":{\"@type\":\"PropertyValueSpecification\",\"valueRequired\":true,\"valueName\":\"search_term_string\"}}],\"inLanguage\":\"de\"},{\"@type\":\"Organization\",\"@id\":\"https:\/\/co.arminzadakbar.com\/de\/#organization\",\"name\":\"Certified Origins\",\"url\":\"https:\/\/co.arminzadakbar.com\/de\/\",\"logo\":{\"@type\":\"ImageObject\",\"inLanguage\":\"de\",\"@id\":\"https:\/\/co.arminzadakbar.com\/de\/#\/schema\/logo\/image\/\",\"url\":\"https:\/\/co.arminzadakbar.com\/wp-content\/uploads\/logo-1.svg\",\"contentUrl\":\"https:\/\/co.arminzadakbar.com\/wp-content\/uploads\/logo-1.svg\",\"caption\":\"Certified Origins\"},\"image\":{\"@id\":\"https:\/\/co.arminzadakbar.com\/de\/#\/schema\/logo\/image\/\"}}]}<\/script>\n<!-- \/ Yoast SEO plugin. -->","yoast_head_json":{"title":"Certified Origins - Tomatenprodukte","description":"Wir liefern weltweit, ganz nach Ihren individuellen W\u00fcnschen, vollst\u00e4ndig r\u00fcckverfolgbare und qualit\u00e4tsgesicherte Produkte in gro\u00dfem Umfang, um Ihre Marktanforderungen zu erf\u00fcllen.","robots":{"index":"noindex","follow":"follow","max-snippet":"max-snippet:-1","max-image-preview":"max-image-preview:large","max-video-preview":"max-video-preview:-1"},"og_locale":"de_DE","og_type":"article","og_title":"Certified Origins - Tomatenprodukte","og_description":"Wir liefern weltweit, ganz nach Ihren individuellen W\u00fcnschen, vollst\u00e4ndig r\u00fcckverfolgbare und qualit\u00e4tsgesicherte Produkte in gro\u00dfem Umfang, um Ihre Marktanforderungen zu erf\u00fcllen.","og_url":"https:\/\/co.arminzadakbar.com\/de\/produkte\/tomatenprodukte\/","og_site_name":"Certified Origins","article_modified_time":"2026-04-16T14:50:52+00:00","og_image":[{"width":1344,"height":700,"url":"https:\/\/co.arminzadakbar.com\/wp-content\/uploads\/Certified-Origins-Von-nativem-Olivenoel-extra-in-grossen-Mengen-bis-hin-zu-Tomatensauce.png","type":"image\/png"}],"twitter_card":"summary_large_image","twitter_title":"Certified Origins - Tomatenprodukte","twitter_description":"Wir liefern weltweit, ganz nach Ihren individuellen W\u00fcnschen, vollst\u00e4ndig r\u00fcckverfolgbare und qualit\u00e4tsgesicherte Produkte in gro\u00dfem Umfang, um Ihre Marktanforderungen zu erf\u00fcllen.","twitter_image":"https:\/\/co.arminzadakbar.com\/wp-content\/uploads\/Certified-Origins-Von-nativem-Olivenoel-extra-in-grossen-Mengen-bis-hin-zu-Tomatensauce.png","twitter_misc":{"Gesch\u00e4tzte Lesezeit":"3\u00a0Minuten"},"schema":{"@context":"https:\/\/schema.org","@graph":[{"@type":"WebPage","@id":"https:\/\/co.arminzadakbar.com\/de\/produkte\/tomatenprodukte\/","url":"https:\/\/co.arminzadakbar.com\/de\/produkte\/tomatenprodukte\/","name":"Certified Origins - Tomatenprodukte","isPartOf":{"@id":"https:\/\/co.arminzadakbar.com\/de\/#website"},"datePublished":"2022-07-29T12:25:35+00:00","dateModified":"2026-04-16T14:50:52+00:00","description":"Wir liefern weltweit, ganz nach Ihren individuellen W\u00fcnschen, vollst\u00e4ndig r\u00fcckverfolgbare und qualit\u00e4tsgesicherte Produkte in gro\u00dfem Umfang, um Ihre Marktanforderungen zu erf\u00fcllen.","breadcrumb":{"@id":"https:\/\/co.arminzadakbar.com\/de\/produkte\/tomatenprodukte\/#breadcrumb"},"inLanguage":"de","potentialAction":[{"@type":"ReadAction","target":["https:\/\/co.arminzadakbar.com\/de\/produkte\/tomatenprodukte\/"]}]},{"@type":"BreadcrumbList","@id":"https:\/\/co.arminzadakbar.com\/de\/produkte\/tomatenprodukte\/#breadcrumb","itemListElement":[{"@type":"ListItem","position":1,"name":"Produkte","item":"https:\/\/co.arminzadakbar.com\/de\/produkte\/"},{"@type":"ListItem","position":2,"name":"Saucen"}]},{"@type":"WebSite","@id":"https:\/\/co.arminzadakbar.com\/de\/#website","url":"https:\/\/co.arminzadakbar.com\/de\/","name":"Certified Origins","description":"Olio extra vergine d&#039;oliva","publisher":{"@id":"https:\/\/co.arminzadakbar.com\/de\/#organization"},"potentialAction":[{"@type":"SearchAction","target":{"@type":"EntryPoint","urlTemplate":"https:\/\/co.arminzadakbar.com\/de\/?s={search_term_string}"},"query-input":{"@type":"PropertyValueSpecification","valueRequired":true,"valueName":"search_term_string"}}],"inLanguage":"de"},{"@type":"Organization","@id":"https:\/\/co.arminzadakbar.com\/de\/#organization","name":"Certified Origins","url":"https:\/\/co.arminzadakbar.com\/de\/","logo":{"@type":"ImageObject","inLanguage":"de","@id":"https:\/\/co.arminzadakbar.com\/de\/#\/schema\/logo\/image\/","url":"https:\/\/co.arminzadakbar.com\/wp-content\/uploads\/logo-1.svg","contentUrl":"https:\/\/co.arminzadakbar.com\/wp-content\/uploads\/logo-1.svg","caption":"Certified Origins"},"image":{"@id":"https:\/\/co.arminzadakbar.com\/de\/#\/schema\/logo\/image\/"}}]}},"_links":{"self":[{"href":"https:\/\/co.arminzadakbar.com\/de\/wp-json\/wp\/v2\/pages\/8986","targetHints":{"allow":["GET"]}}],"collection":[{"href":"https:\/\/co.arminzadakbar.com\/de\/wp-json\/wp\/v2\/pages"}],"about":[{"href":"https:\/\/co.arminzadakbar.com\/de\/wp-json\/wp\/v2\/types\/page"}],"author":[{"embeddable":true,"href":"https:\/\/co.arminzadakbar.com\/de\/wp-json\/wp\/v2\/users\/1"}],"replies":[{"embeddable":true,"href":"https:\/\/co.arminzadakbar.com\/de\/wp-json\/wp\/v2\/comments?post=8986"}],"version-history":[{"count":4,"href":"https:\/\/co.arminzadakbar.com\/de\/wp-json\/wp\/v2\/pages\/8986\/revisions"}],"predecessor-version":[{"id":13952,"href":"https:\/\/co.arminzadakbar.com\/de\/wp-json\/wp\/v2\/pages\/8986\/revisions\/13952"}],"up":[{"embeddable":true,"href":"https:\/\/co.arminzadakbar.com\/de\/wp-json\/wp\/v2\/pages\/9077"}],"wp:attachment":[{"href":"https:\/\/co.arminzadakbar.com\/de\/wp-json\/wp\/v2\/media?parent=8986"}],"curies":[{"name":"wp","href":"https:\/\/api.w.org\/{rel}","templated":true}]}}